{"id":7622,"date":"2022-06-06T11:52:57","date_gmt":"2022-06-06T11:52:57","guid":{"rendered":"https:\/\/test.analyzer.llc\/equipo\/"},"modified":"2025-09-08T13:43:13","modified_gmt":"2025-09-08T13:43:13","slug":"equipo","status":"publish","type":"page","link":"https:\/\/test.analyzer.llc\/es\/equipo\/","title":{"rendered":"Equipo"},"content":{"rendered":"\t\t<div data-elementor-type=\"wp-page\" data-elementor-id=\"7622\" class=\"elementor elementor-7622 elementor-2242\">\n\t\t\t\t\t\t<section class=\"elementor-section elementor-top-section elementor-element elementor-element-03e4db2 elementor-section-stretched elementor-section-full_width elementor-section-height-default elementor-section-height-default\" data-id=\"03e4db2\" data-element_type=\"section\" data-settings=\"{&quot;stretch_section&quot;:&quot;section-stretched&quot;,&quot;background_background&quot;:&quot;classic&quot;}\">\n\t\t\t\t\t\t\t<div class=\"elementor-background-overlay\"><\/div>\n\t\t\t\t\t\t\t<div class=\"elementor-container elementor-column-gap-default\">\n\t\t\t\t\t<div class=\"elementor-column elementor-col-100 elementor-top-column elementor-element elementor-element-d6674a9\" data-id=\"d6674a9\" data-element_type=\"column\">\n\t\t\t<div class=\"elementor-widget-wrap elementor-element-populated\">\n\t\t\t\t\t\t<div class=\"elementor-element elementor-element-52f7510 elementor-hidden-desktop elementor-hidden-tablet elementor-hidden-mobile elementor-widget elementor-widget-heading\" data-id=\"52f7510\" data-element_type=\"widget\" data-widget_type=\"heading.default\">\n\t\t\t\t<div class=\"elementor-widget-container\">\n\t\t\t\t\t<div class=\"elementor-heading-title elementor-size-default\">Nuestro Equipo<\/div>\t\t\t\t<\/div>\n\t\t\t\t<\/div>\n\t\t\t\t<div class=\"elementor-element elementor-element-c14a388 elementor-widget elementor-widget-heading\" data-id=\"c14a388\" data-element_type=\"widget\" data-widget_type=\"heading.default\">\n\t\t\t\t<div class=\"elementor-widget-container\">\n\t\t\t\t\t<h2 class=\"elementor-heading-title elementor-size-default\">Conoce al equipo directivo<\/h2>\t\t\t\t<\/div>\n\t\t\t\t<\/div>\n\t\t\t\t<div class=\"elementor-element elementor-element-84d547e elementor-widget elementor-widget-ce-staff-carousel\" data-id=\"84d547e\" data-element_type=\"widget\" id=\"team-image\" data-widget_type=\"ce-staff-carousel.default\">\n\t\t\t\t<div class=\"elementor-widget-container\">\n\t\t\t\t\t\t\t\t\t<div class=\"ce-staff-carousel ce-staff-style-bygge\" data-columns=\"4\" data-autoplay=\"1\" data-slide-by=\"1\" data-loop=\"1\" data-gutter=\"20\" data-center=\"0\" data-mode=\"carousel\" data-mouse-drag=\"1\" data-edge-padding-side=\"0\" data-carousel-controls=\"0\" data-edge-padding=\"50\">\n\n            \t\t\t\t\t\t                        <div id=\"cl-staff-item-7499\" class=\"ce-staff-item\" data-delay=\"0\">\t\r\n\t<div class=\"ce-staff\">\t\r\n\t\t<div class=\"team-thumbnail\">\t\t\t\r\n\t\t\t<img fetchpriority=\"high\" decoding=\"async\" width=\"1200\" height=\"1200\" src=\"https:\/\/test.analyzer.llc\/wp-content\/uploads\/2025\/04\/23.2Adrianphoto.jpg\" class=\"attachment-full size-full wp-post-image\" alt=\"\" srcset=\"https:\/\/test.analyzer.llc\/wp-content\/uploads\/2025\/04\/23.2Adrianphoto.jpg 1200w, https:\/\/test.analyzer.llc\/wp-content\/uploads\/2025\/04\/23.2Adrianphoto-300x300.jpg 300w, https:\/\/test.analyzer.llc\/wp-content\/uploads\/2025\/04\/23.2Adrianphoto-1024x1024.jpg 1024w, https:\/\/test.analyzer.llc\/wp-content\/uploads\/2025\/04\/23.2Adrianphoto-150x150.jpg 150w, https:\/\/test.analyzer.llc\/wp-content\/uploads\/2025\/04\/23.2Adrianphoto-768x768.jpg 768w\" sizes=\"(max-width: 1200px) 100vw, 1200px\" \/>\t\t<\/div><!-- .team-thumbnail -->\t\t\r\n\t\t<div class=\"team-content\">\r\n\t\t\t<h4 class=\"team-name\">\r\n\t\t\t\t<a href=\"#\">Adrian Holman<\/a>\t\t\t\t\r\n\t\t\t<\/h4>\r\n\t\t\t<div class=\"team-position\">Director regional<\/div>\t\t\t\r\n\t\t    <div class=\"team-socials\">\r\n\t            <a href=\"https:\/\/www.linkedin.com\/in\/adrian-holman-baba8012\/\"><i class=\"cl-icon-linkedin\"><\/i><\/a>\t\t\t<\/div>\r\n\t\t<\/div><!-- team-content -->\r\n\t\t\t        \t    \r\n\t<\/div>\r\n<\/div>                    \t\t\t\t\t\t                        <div id=\"cl-staff-item-7498\" class=\"ce-staff-item\" data-delay=\"0\">\t\r\n\t<div class=\"ce-staff\">\t\r\n\t\t<div class=\"team-thumbnail\">\t\t\t\r\n\t\t\t<img decoding=\"async\" width=\"800\" height=\"800\" src=\"https:\/\/test.analyzer.llc\/wp-content\/uploads\/2025\/04\/14.2-Ross-photo.jpg\" class=\"attachment-full size-full wp-post-image\" alt=\"\" srcset=\"https:\/\/test.analyzer.llc\/wp-content\/uploads\/2025\/04\/14.2-Ross-photo.jpg 800w, https:\/\/test.analyzer.llc\/wp-content\/uploads\/2025\/04\/14.2-Ross-photo-300x300.jpg 300w, https:\/\/test.analyzer.llc\/wp-content\/uploads\/2025\/04\/14.2-Ross-photo-150x150.jpg 150w, https:\/\/test.analyzer.llc\/wp-content\/uploads\/2025\/04\/14.2-Ross-photo-768x768.jpg 768w\" sizes=\"(max-width: 800px) 100vw, 800px\" \/>\t\t<\/div><!-- .team-thumbnail -->\t\t\r\n\t\t<div class=\"team-content\">\r\n\t\t\t<h4 class=\"team-name\">\r\n\t\t\t\t<a href=\"#\">Ross Carlyle<\/a>\t\t\t\t\r\n\t\t\t<\/h4>\r\n\t\t\t<div class=\"team-position\">Director y Experto<\/div>\t\t\t\r\n\t\t    <div class=\"team-socials\">\r\n\t            <a href=\"https:\/\/www.linkedin.com\/in\/ross-carlyle-8b52b727\/\"><i class=\"cl-icon-linkedin\"><\/i><\/a>\t\t\t<\/div>\r\n\t\t<\/div><!-- team-content -->\r\n\t\t\t        \t    \r\n\t<\/div>\r\n<\/div>                    \t\t\t\t\t\t                        <div id=\"cl-staff-item-7493\" class=\"ce-staff-item\" data-delay=\"0\">\t\r\n\t<div class=\"ce-staff\">\t\r\n\t\t<div class=\"team-thumbnail\">\t\t\t\r\n\t\t\t<img decoding=\"async\" width=\"800\" height=\"800\" src=\"https:\/\/test.analyzer.llc\/wp-content\/uploads\/2025\/04\/10.2Amr-Effat-Photo.jpg\" class=\"attachment-full size-full wp-post-image\" alt=\"\" srcset=\"https:\/\/test.analyzer.llc\/wp-content\/uploads\/2025\/04\/10.2Amr-Effat-Photo.jpg 800w, https:\/\/test.analyzer.llc\/wp-content\/uploads\/2025\/04\/10.2Amr-Effat-Photo-300x300.jpg 300w, https:\/\/test.analyzer.llc\/wp-content\/uploads\/2025\/04\/10.2Amr-Effat-Photo-150x150.jpg 150w, https:\/\/test.analyzer.llc\/wp-content\/uploads\/2025\/04\/10.2Amr-Effat-Photo-768x768.jpg 768w\" sizes=\"(max-width: 800px) 100vw, 800px\" \/>\t\t<\/div><!-- .team-thumbnail -->\t\t\r\n\t\t<div class=\"team-content\">\r\n\t\t\t<h4 class=\"team-name\">\r\n\t\t\t\t<a href=\"#\">Amr Effat<\/a>\t\t\t\t\r\n\t\t\t<\/h4>\r\n\t\t\t<div class=\"team-position\">Gerente de Pa\u00eds en Arabia Saudita (KSA)<\/div>\t\t\t\r\n\t\t    <div class=\"team-socials\">\r\n\t            <a href=\"https:\/\/www.linkedin.com\/in\/amr-effat-5a48aa15\/\"><i class=\"cl-icon-linkedin\"><\/i><\/a>\t\t\t<\/div>\r\n\t\t<\/div><!-- team-content -->\r\n\t\t\t        \t    \r\n\t<\/div>\r\n<\/div>                    \t\t\t\t\t\t                        <div id=\"cl-staff-item-7481\" class=\"ce-staff-item\" data-delay=\"0\">\t\r\n\t<div class=\"ce-staff\">\t\r\n\t\t<div class=\"team-thumbnail\">\t\t\t\r\n\t\t\t<img loading=\"lazy\" decoding=\"async\" width=\"1155\" height=\"1155\" src=\"https:\/\/test.analyzer.llc\/wp-content\/uploads\/2025\/04\/9.2Esti-1.jpg\" class=\"attachment-full size-full wp-post-image\" alt=\"\" srcset=\"https:\/\/test.analyzer.llc\/wp-content\/uploads\/2025\/04\/9.2Esti-1.jpg 1155w, https:\/\/test.analyzer.llc\/wp-content\/uploads\/2025\/04\/9.2Esti-1-300x300.jpg 300w, https:\/\/test.analyzer.llc\/wp-content\/uploads\/2025\/04\/9.2Esti-1-1024x1024.jpg 1024w, https:\/\/test.analyzer.llc\/wp-content\/uploads\/2025\/04\/9.2Esti-1-150x150.jpg 150w, https:\/\/test.analyzer.llc\/wp-content\/uploads\/2025\/04\/9.2Esti-1-768x768.jpg 768w\" sizes=\"(max-width: 1155px) 100vw, 1155px\" \/>\t\t<\/div><!-- .team-thumbnail -->\t\t\r\n\t\t<div class=\"team-content\">\r\n\t\t\t<h4 class=\"team-name\">\r\n\t\t\t\t<a href=\"#\">Estibaliz Peque\u00f1o<\/a>\t\t\t\t\r\n\t\t\t<\/h4>\r\n\t\t\t<div class=\"team-position\">Directora de Desarrollo de Negocios<\/div>\t\t\t\r\n\t\t    <div class=\"team-socials\">\r\n\t            <a href=\"https:\/\/www.linkedin.com\/in\/estibalizpequeno\/\"><i class=\"cl-icon-linkedin\"><\/i><\/a>\t\t\t<\/div>\r\n\t\t<\/div><!-- team-content -->\r\n\t\t\t        \t    \r\n\t<\/div>\r\n<\/div>                    \t\t\t\t\t\t                        <div id=\"cl-staff-item-7489\" class=\"ce-staff-item\" data-delay=\"0\">\t\r\n\t<div class=\"ce-staff\">\t\r\n\t\t<div class=\"team-thumbnail\">\t\t\t\r\n\t\t\t<img loading=\"lazy\" decoding=\"async\" width=\"800\" height=\"800\" src=\"https:\/\/test.analyzer.llc\/wp-content\/uploads\/2022\/06\/SB-2.jpg\" class=\"attachment-full size-full wp-post-image\" alt=\"\" srcset=\"https:\/\/test.analyzer.llc\/wp-content\/uploads\/2022\/06\/SB-2.jpg 800w, https:\/\/test.analyzer.llc\/wp-content\/uploads\/2022\/06\/SB-2-300x300.jpg 300w, https:\/\/test.analyzer.llc\/wp-content\/uploads\/2022\/06\/SB-2-150x150.jpg 150w, https:\/\/test.analyzer.llc\/wp-content\/uploads\/2022\/06\/SB-2-768x768.jpg 768w\" sizes=\"(max-width: 800px) 100vw, 800px\" \/>\t\t<\/div><!-- .team-thumbnail -->\t\t\r\n\t\t<div class=\"team-content\">\r\n\t\t\t<h4 class=\"team-name\">\r\n\t\t\t\t<a href=\"#\">Stuart Baird<\/a>\t\t\t\t\r\n\t\t\t<\/h4>\r\n\t\t\t<div class=\"team-position\">Director de Operaciones (COO)<\/div>\t\t\t\r\n\t\t    <div class=\"team-socials\">\r\n\t            <a href=\"https:\/\/www.linkedin.com\/in\/stuartwbaird\/\"><i class=\"cl-icon-linkedin\"><\/i><\/a>\t\t\t<\/div>\r\n\t\t<\/div><!-- team-content -->\r\n\t\t\t        \t    \r\n\t<\/div>\r\n<\/div>                    \t\t\t\t\t\t                        <div id=\"cl-staff-item-7485\" class=\"ce-staff-item\" data-delay=\"0\">\t\r\n\t<div class=\"ce-staff\">\t\r\n\t\t<div class=\"team-thumbnail\">\t\t\t\r\n\t\t\t<img loading=\"lazy\" decoding=\"async\" width=\"800\" height=\"800\" src=\"https:\/\/test.analyzer.llc\/wp-content\/uploads\/2022\/06\/2.2Paul_Color-1.jpg\" class=\"attachment-full size-full wp-post-image\" alt=\"\" srcset=\"https:\/\/test.analyzer.llc\/wp-content\/uploads\/2022\/06\/2.2Paul_Color-1.jpg 800w, https:\/\/test.analyzer.llc\/wp-content\/uploads\/2022\/06\/2.2Paul_Color-1-300x300.jpg 300w, https:\/\/test.analyzer.llc\/wp-content\/uploads\/2022\/06\/2.2Paul_Color-1-150x150.jpg 150w, https:\/\/test.analyzer.llc\/wp-content\/uploads\/2022\/06\/2.2Paul_Color-1-768x768.jpg 768w\" sizes=\"(max-width: 800px) 100vw, 800px\" \/>\t\t<\/div><!-- .team-thumbnail -->\t\t\r\n\t\t<div class=\"team-content\">\r\n\t\t\t<h4 class=\"team-name\">\r\n\t\t\t\t<a href=\"#\">Paul Flood<\/a>\t\t\t\t\r\n\t\t\t<\/h4>\r\n\t\t\t<div class=\"team-position\">Director \u2013 Contratos y Comercial<\/div>\t\t\t\r\n\t\t    <div class=\"team-socials\">\r\n\t            <a href=\"https:\/\/www.linkedin.com\/in\/paul-flood-28591924\/\"><i class=\"cl-icon-linkedin\"><\/i><\/a>\t\t\t<\/div>\r\n\t\t<\/div><!-- team-content -->\r\n\t\t\t        \t    \r\n\t<\/div>\r\n<\/div>                    \t\t\t\t\t\t                        <div id=\"cl-staff-item-7494\" class=\"ce-staff-item\" data-delay=\"0\">\t\r\n\t<div class=\"ce-staff\">\t\r\n\t\t<div class=\"team-thumbnail\">\t\t\t\r\n\t\t\t<img loading=\"lazy\" decoding=\"async\" width=\"2560\" height=\"2526\" src=\"https:\/\/test.analyzer.llc\/wp-content\/uploads\/2021\/06\/22.1Nour-Pic-new-colored_cropped-scaled.jpg\" class=\"attachment-full size-full wp-post-image\" alt=\"\" srcset=\"https:\/\/test.analyzer.llc\/wp-content\/uploads\/2021\/06\/22.1Nour-Pic-new-colored_cropped-scaled.jpg 2560w, https:\/\/test.analyzer.llc\/wp-content\/uploads\/2021\/06\/22.1Nour-Pic-new-colored_cropped-300x296.jpg 300w, https:\/\/test.analyzer.llc\/wp-content\/uploads\/2021\/06\/22.1Nour-Pic-new-colored_cropped-1024x1010.jpg 1024w, https:\/\/test.analyzer.llc\/wp-content\/uploads\/2021\/06\/22.1Nour-Pic-new-colored_cropped-768x758.jpg 768w, https:\/\/test.analyzer.llc\/wp-content\/uploads\/2021\/06\/22.1Nour-Pic-new-colored_cropped-1536x1516.jpg 1536w, https:\/\/test.analyzer.llc\/wp-content\/uploads\/2021\/06\/22.1Nour-Pic-new-colored_cropped-2048x2021.jpg 2048w\" sizes=\"(max-width: 2560px) 100vw, 2560px\" \/>\t\t<\/div><!-- .team-thumbnail -->\t\t\r\n\t\t<div class=\"team-content\">\r\n\t\t\t<h4 class=\"team-name\">\r\n\t\t\t\t<a href=\"#\">Nour Tarabishi<\/a>\t\t\t\t\r\n\t\t\t<\/h4>\r\n\t\t\t<div class=\"team-position\">Directora de Calidad<\/div>\t\t\t\r\n\t\t    <div class=\"team-socials\">\r\n\t            <a href=\"https:\/\/www.linkedin.com\/in\/nour-tarabishi\/\"><i class=\"cl-icon-linkedin\"><\/i><\/a>\t\t\t<\/div>\r\n\t\t<\/div><!-- team-content -->\r\n\t\t\t        \t    \r\n\t<\/div>\r\n<\/div>                    \t\t\t\t\t\t                        <div id=\"cl-staff-item-7482\" class=\"ce-staff-item\" data-delay=\"0\">\t\r\n\t<div class=\"ce-staff\">\t\r\n\t\t<div class=\"team-thumbnail\">\t\t\t\r\n\t\t\t<img loading=\"lazy\" decoding=\"async\" width=\"600\" height=\"600\" src=\"https:\/\/test.analyzer.llc\/wp-content\/uploads\/2021\/06\/1.2MD-1.png\" class=\"attachment-full size-full wp-post-image\" alt=\"\" srcset=\"https:\/\/test.analyzer.llc\/wp-content\/uploads\/2021\/06\/1.2MD-1.png 600w, https:\/\/test.analyzer.llc\/wp-content\/uploads\/2021\/06\/1.2MD-1-300x300.png 300w, https:\/\/test.analyzer.llc\/wp-content\/uploads\/2021\/06\/1.2MD-1-150x150.png 150w\" sizes=\"(max-width: 600px) 100vw, 600px\" \/>\t\t<\/div><!-- .team-thumbnail -->\t\t\r\n\t\t<div class=\"team-content\">\r\n\t\t\t<h4 class=\"team-name\">\r\n\t\t\t\t<a href=\"#\">Mohamad Daaboul<\/a>\t\t\t\t\r\n\t\t\t<\/h4>\r\n\t\t\t<div class=\"team-position\">Director Ejecutivo (CEO)<\/div>\t\t\t\r\n\t\t    <div class=\"team-socials\">\r\n\t            <a href=\"https:\/\/www.linkedin.com\/in\/mohamad-daaboul-11131029\/\"><i class=\"cl-icon-linkedin\"><\/i><\/a>\t\t\t<\/div>\r\n\t\t<\/div><!-- team-content -->\r\n\t\t\t        \t    \r\n\t<\/div>\r\n<\/div>                                                    \t\t\t\n\t\t<\/div>\n\t\t\t\t\t\t<\/div>\n\t\t\t\t<\/div>\n\t\t\t\t\t<\/div>\n\t\t<\/div>\n\t\t\t\t\t<\/div>\n\t\t<\/section>\n\t\t\t\t<section class=\"elementor-section elementor-top-section elementor-element elementor-element-243d08e elementor-section-height-min-height elementor-section-stretched elementor-section-items-top elementor-section-boxed elementor-section-height-default\" data-id=\"243d08e\" data-element_type=\"section\" data-settings=\"{&quot;stretch_section&quot;:&quot;section-stretched&quot;}\">\n\t\t\t\t\t\t<div class=\"elementor-container elementor-column-gap-default\">\n\t\t\t\t\t<div class=\"elementor-column elementor-col-50 elementor-top-column elementor-element elementor-element-71a5c91\" data-id=\"71a5c91\" data-element_type=\"column\">\n\t\t\t<div class=\"elementor-widget-wrap elementor-element-populated\">\n\t\t\t\t\t\t<div class=\"elementor-element elementor-element-37ed619 elementor-widget elementor-widget-heading\" data-id=\"37ed619\" data-element_type=\"widget\" data-widget_type=\"heading.default\">\n\t\t\t\t<div class=\"elementor-widget-container\">\n\t\t\t\t\t<h2 class=\"elementor-heading-title elementor-size-default\">\u00danete a nosotros<\/h2>\t\t\t\t<\/div>\n\t\t\t\t<\/div>\n\t\t\t\t<div class=\"elementor-element elementor-element-39a8f75 elementor-widget elementor-widget-text-editor\" data-id=\"39a8f75\" data-element_type=\"widget\" data-widget_type=\"text-editor.default\">\n\t\t\t\t<div class=\"elementor-widget-container\">\n\t\t\t\t\t\t\t\t\t<p>Analyzer est\u00e1 creciendo, y tambi\u00e9n nuestra necesidad de personas excepcionales. Si te apasiona la resoluci\u00f3n de conflictos, el asesoramiento en proyectos o el an\u00e1lisis forense, nos encantar\u00eda conocerte. <\/p>\t\t\t\t\t\t\t\t<\/div>\n\t\t\t\t<\/div>\n\t\t\t\t<div class=\"elementor-element elementor-element-498f072 elementor-widget elementor-widget-image\" data-id=\"498f072\" data-element_type=\"widget\" data-widget_type=\"image.default\">\n\t\t\t\t<div class=\"elementor-widget-container\">\n\t\t\t\t\t\t\t\t\t\t\t\t\t\t\t<img decoding=\"async\" src=\"https:\/\/test.analyzer.llc\/wp-content\/uploads\/elementor\/thumbs\/Desk-1-800x500-1-r4g068aqjy1rijov5sjuw4xj7mtvyjy6dp6o7xze6k.jpg\" title=\"Escritorio-1-800&#215;500\" alt=\"Escritorio-1-800x500\" loading=\"lazy\" \/>\t\t\t\t\t\t\t\t\t\t\t\t\t\t\t<\/div>\n\t\t\t\t<\/div>\n\t\t\t\t\t<\/div>\n\t\t<\/div>\n\t\t\t\t<div class=\"elementor-column elementor-col-50 elementor-top-column elementor-element elementor-element-8aa41d9\" data-id=\"8aa41d9\" data-element_type=\"column\">\n\t\t\t<div class=\"elementor-widget-wrap elementor-element-populated\">\n\t\t\t\t\t\t<div class=\"elementor-element elementor-element-2ca6921 elementor-widget__width-inherit elementor-widget elementor-widget-shortcode\" data-id=\"2ca6921\" data-element_type=\"widget\" data-widget_type=\"shortcode.default\">\n\t\t\t\t<div class=\"elementor-widget-container\">\n\t\t\t\t\t\t\t<div class=\"elementor-shortcode\"><p class=\"wpcf7-contact-form-not-found\"><strong>Error:<\/strong> Formulario de contacto no encontrado.<\/p><\/div>\n\t\t\t\t\t\t<\/div>\n\t\t\t\t<\/div>\n\t\t\t\t\t<\/div>\n\t\t<\/div>\n\t\t\t\t\t<\/div>\n\t\t<\/section>\n\t\t\t\t<\/div>\n\t\t","protected":false},"excerpt":{"rendered":"<p>Nuestro Equipo Conoce al equipo directivo Adrian Holman Regional Director [&hellip;]<\/p>\n","protected":false},"author":1,"featured_media":7621,"parent":0,"menu_order":0,"comment_status":"closed","ping_status":"closed","template":"","meta":{"footnotes":""},"class_list":["post-7622","page","type-page","status-publish","has-post-thumbnail","hentry"],"_links":{"self":[{"href":"https:\/\/test.analyzer.llc\/es\/wp-json\/wp\/v2\/pages\/7622","targetHints":{"allow":["GET"]}}],"collection":[{"href":"https:\/\/test.analyzer.llc\/es\/wp-json\/wp\/v2\/pages"}],"about":[{"href":"https:\/\/test.analyzer.llc\/es\/wp-json\/wp\/v2\/types\/page"}],"author":[{"embeddable":true,"href":"https:\/\/test.analyzer.llc\/es\/wp-json\/wp\/v2\/users\/1"}],"replies":[{"embeddable":true,"href":"https:\/\/test.analyzer.llc\/es\/wp-json\/wp\/v2\/comments?post=7622"}],"version-history":[{"count":2,"href":"https:\/\/test.analyzer.llc\/es\/wp-json\/wp\/v2\/pages\/7622\/revisions"}],"predecessor-version":[{"id":7625,"href":"https:\/\/test.analyzer.llc\/es\/wp-json\/wp\/v2\/pages\/7622\/revisions\/7625"}],"wp:featuredmedia":[{"embeddable":true,"href":"https:\/\/test.analyzer.llc\/es\/wp-json\/wp\/v2\/media\/7621"}],"wp:attachment":[{"href":"https:\/\/test.analyzer.llc\/es\/wp-json\/wp\/v2\/media?parent=7622"}],"curies":[{"name":"wp","href":"https:\/\/api.w.org\/{rel}","templated":true}]}}